{"id":4497,"date":"2026-03-09T18:57:23","date_gmt":"2026-03-09T18:57:23","guid":{"rendered":"https:\/\/ipaslac.org\/mexico\/"},"modified":"2026-03-10T17:22:09","modified_gmt":"2026-03-10T17:22:09","slug":"mexico","status":"publish","type":"page","link":"https:\/\/ipaslac.org\/en\/where-we-work\/mexico\/","title":{"rendered":"Mexico"},"content":{"rendered":"<p>[et_pb_section fb_built=&#8221;1&#8243; _builder_version=&#8221;4.27.6&#8243; _module_preset=&#8221;default&#8221; use_background_color_gradient=&#8221;on&#8221; background_color_gradient_direction=&#8221;18deg&#8221; background_color_gradient_stops=&#8221;#2e3856 0%|rgba(255,255,255,0) 100%&#8221; background_color_gradient_overlays_image=&#8221;on&#8221; background_image=&#8221;https:\/\/ipaslac.org\/wp-content\/uploads\/2026\/03\/mexico-campaign.jpg&#8221; custom_padding=&#8221;16px|||||&#8221; global_colors_info=&#8221;{}&#8221; theme_builder_area=&#8221;post_content&#8221;][et_pb_row _builder_version=&#8221;4.27.6&#8243; _module_preset=&#8221;default&#8221; custom_margin=&#8221;0vw||0vw||false|false&#8221; custom_padding=&#8221;0px||||false|false&#8221; global_colors_info=&#8221;{}&#8221; theme_builder_area=&#8221;post_content&#8221;][et_pb_column type=&#8221;4_4&#8243; _builder_version=&#8221;4.27.0&#8243; _module_preset=&#8221;default&#8221; global_colors_info=&#8221;{}&#8221; theme_builder_area=&#8221;post_content&#8221;][et_pb_post_title featured_image=&#8221;on&#8221; _builder_version=&#8221;4.27.6&#8243; _module_preset=&#8221;default&#8221; custom_margin=&#8221;22vw||||false|false&#8221; custom_padding=&#8221;0px||||false|false&#8221; custom_padding_tablet=&#8221;&#8221; custom_padding_phone=&#8221;0px|||10vw|false|false&#8221; custom_padding_last_edited=&#8221;on|phone&#8221; global_colors_info=&#8221;{}&#8221; theme_builder_area=&#8221;post_content&#8221;][\/et_pb_post_title][\/et_pb_column][\/et_pb_row][\/et_pb_section][et_pb_section fb_built=&#8221;1&#8243; _builder_version=&#8221;4.27.5&#8243; _module_preset=&#8221;default&#8221; background_color=&#8221;#FFFFFF&#8221; width=&#8221;100%&#8221; module_alignment=&#8221;center&#8221; custom_padding=&#8221;2vw||2vw||true|false&#8221; locked=&#8221;off&#8221; global_colors_info=&#8221;{}&#8221; theme_builder_area=&#8221;post_content&#8221;][et_pb_row _builder_version=&#8221;4.27.5&#8243; _module_preset=&#8221;default&#8221; custom_margin=&#8221;0px||0px||false|false&#8221; custom_padding=&#8221;0px||0px||false|false&#8221; global_colors_info=&#8221;{}&#8221; theme_builder_area=&#8221;post_content&#8221;][et_pb_column type=&#8221;4_4&#8243; _builder_version=&#8221;4.27.0&#8243; _module_preset=&#8221;default&#8221; global_colors_info=&#8221;{}&#8221; theme_builder_area=&#8221;post_content&#8221;][et_pb_text _builder_version=&#8221;4.27.6&#8243; _module_preset=&#8221;default&#8221; text_line_height=&#8221;1em&#8221; global_colors_info=&#8221;{}&#8221; theme_builder_area=&#8221;post_content&#8221;]<\/p>\n<h3>In Mexico, we are working to ensure that all women and people with the possibility of gestation can choose to reproduce within the country.<\/h3>\n<p>[\/et_pb_text][\/et_pb_column][\/et_pb_row][et_pb_row _builder_version=&#8221;4.27.0&#8243; _module_preset=&#8221;default&#8221; global_colors_info=&#8221;{}&#8221; theme_builder_area=&#8221;post_content&#8221;][et_pb_column type=&#8221;4_4&#8243; _builder_version=&#8221;4.27.0&#8243; _module_preset=&#8221;default&#8221; global_colors_info=&#8221;{}&#8221; theme_builder_area=&#8221;post_content&#8221;][et_pb_text _builder_version=&#8221;4.27.6&#8243; _module_preset=&#8221;default&#8221; text_font_size=&#8221;20px&#8221; header_3_font=&#8221;|700||on|||||&#8221; header_3_font_size=&#8221;24px&#8221; global_colors_info=&#8221;{}&#8221; theme_builder_area=&#8221;post_content&#8221;]We are part of the program for Ipas Latin America and the Caribbean (Ipas LAC), a node of our international reproductive rights network.  <\/p>\n<p>We network with different organizations, join efforts in the prevention of unwanted pregnancies, access to contraception and safe abortion, and generate and disseminate information based on scientific evidence. [\/et_pb_text][\/et_pb_column][\/et_pb_row][et_pb_row _builder_version=&#8221;4.27.4&#8243; _module_preset=&#8221;default&#8221; global_colors_info=&#8221;{}&#8221; theme_builder_area=&#8221;post_content&#8221;][et_pb_column type=&#8221;4_4&#8243; _builder_version=&#8221;4.27.4&#8243; _module_preset=&#8221;default&#8221; global_colors_info=&#8221;{}&#8221; theme_builder_area=&#8221;post_content&#8221;][et_pb_image src=&#8221;https:\/\/ipaslac.org\/wp-content\/uploads\/2024\/11\/dashes-2.svg&#8221; title_text=&#8221;dashes-2&#8243; _builder_version=&#8221;4.27.6&#8243; _module_preset=&#8221;default&#8221; global_colors_info=&#8221;{}&#8221; theme_builder_area=&#8221;post_content&#8221;][\/et_pb_image][\/et_pb_column][\/et_pb_row][\/et_pb_section][et_pb_section fb_built=&#8221;1&#8243; _builder_version=&#8221;4.27.4&#8243; _module_preset=&#8221;default&#8221; background_enable_color=&#8221;off&#8221; background_image=&#8221;https:\/\/ipaslac.org\/wp-content\/uploads\/2022\/04\/pattern-3-br2.png&#8221; background_size=&#8221;initial&#8221; background_repeat=&#8221;repeat&#8221; min_height=&#8221;336.7px&#8221; custom_margin=&#8221;0px||0px||false|false&#8221; custom_padding=&#8221;0px||0px||true|false&#8221; locked=&#8221;off&#8221; global_colors_info=&#8221;{}&#8221; theme_builder_area=&#8221;post_content&#8221;][et_pb_row column_structure=&#8221;1_2,1_2&#8243; _builder_version=&#8221;4.27.4&#8243; _module_preset=&#8221;default&#8221; width=&#8221;87%&#8221; module_alignment=&#8221;center&#8221; custom_margin=&#8221;0px||0px||false|false&#8221; custom_padding=&#8221;||10px||false|false&#8221; global_colors_info=&#8221;{}&#8221; theme_builder_area=&#8221;post_content&#8221;][et_pb_column type=&#8221;1_2&#8243; _builder_version=&#8221;4.27.4&#8243; _module_preset=&#8221;default&#8221; global_colors_info=&#8221;{}&#8221; theme_builder_area=&#8221;post_content&#8221;][et_pb_image src=&#8221;https:\/\/ipaslac.org\/wp-content\/uploads\/2025\/09\/54481842262_17b1bec757_k.jpg&#8221; title_text=&#8221;54481842262_17b1bec757_k&#8221; _builder_version=&#8221;4.27.6&#8243; _module_preset=&#8221;default&#8221; width=&#8221;100%&#8221; module_alignment=&#8221;center&#8221; custom_padding=&#8221;||20px||false|false&#8221; global_colors_info=&#8221;{}&#8221; theme_builder_area=&#8221;post_content&#8221;][\/et_pb_image][\/et_pb_column][et_pb_column type=&#8221;1_2&#8243; _builder_version=&#8221;4.27.4&#8243; _module_preset=&#8221;default&#8221; global_colors_info=&#8221;{}&#8221; theme_builder_area=&#8221;post_content&#8221;][et_pb_text _builder_version=&#8221;4.27.6&#8243; _module_preset=&#8221;default&#8221; text_font=&#8221;|700|||||||&#8221; text_text_color=&#8221;#FFFFFF&#8221; text_font_size=&#8221;20px&#8221; text_line_height=&#8221;1.3em&#8221; header_2_text_color=&#8221;#F9ED7D&#8221; custom_margin=&#8221;10px||0px||false|false&#8221; custom_padding=&#8221;||0px||false|false&#8221; text_font_size_tablet=&#8221;20px&#8221; text_font_size_phone=&#8221;16px&#8221; text_font_size_last_edited=&#8221;on|phone&#8221; global_colors_info=&#8221;{}&#8221; theme_builder_area=&#8221;post_content&#8221;]<\/p>\n<h2>Legal Abortion in Mexico<\/h2>\n<p>[\/et_pb_text][et_pb_text _builder_version=&#8221;4.27.4&#8243; _module_preset=&#8221;default&#8221; text_font=&#8221;ABCWHYTE-BOOK|600|||||||&#8221; text_text_color=&#8221;#FFFFFF&#8221; custom_padding=&#8221;||20px||false|false&#8221; global_colors_info=&#8221;{}&#8221; theme_builder_area=&#8221;post_content&#8221;]<\/p>\n<p>In Mexico, abortion is regulated at the state level in local penal codes, under certain situations or conditions that release or exclude women or persons with the possibility of gestation from criminal liability.<\/p>\n<p>In Mexico, each of the 32 states establishes in its criminal legislation the circumstances under which abortion is legal in its territory. To date, the criminal laws of Mexico City, Oaxaca, Hidalgo, Veracruz, Baja California, Colima, Guerrero, Baja California Sur, Quintana Roo, Puebla, Jalisco, Michoac\u00e1n, San Luis Potos\u00ed, Chiapas, Zacatecas, Estado de M\u00e9xico, Nayarit, Campeche, Yucatan and Tabasco allow abortion at the request of the pregnant person up to 12 completed weeks of gestation, with the exception of Sinaloa which allows it up to 13 weeks and Aguascalientes which limits it to 6 weeks.<\/p>\n<p>After these deadlines in these entities and in the rest of the states, local criminal laws contemplate some of the following specific situations or grounds for abortion, regardless of gestational age.<\/p>\n<p>[\/et_pb_text][\/et_pb_column][\/et_pb_row][et_pb_row _builder_version=&#8221;4.27.6&#8243; _module_preset=&#8221;default&#8221; global_colors_info=&#8221;{}&#8221; theme_builder_area=&#8221;post_content&#8221;][et_pb_column type=&#8221;4_4&#8243; _builder_version=&#8221;4.27.6&#8243; _module_preset=&#8221;default&#8221; global_colors_info=&#8221;{}&#8221; theme_builder_area=&#8221;post_content&#8221;][et_pb_text _builder_version=&#8221;4.27.6&#8243; _module_preset=&#8221;default&#8221; text_font=&#8221;|700|||||||&#8221; text_text_color=&#8221;#FFFFFF&#8221; text_orientation=&#8221;center&#8221; global_colors_info=&#8221;{}&#8221; theme_builder_area=&#8221;post_content&#8221;]To learn more about the right to legal abortion in Mexico, you can consult:  [\/et_pb_text][\/et_pb_column][\/et_pb_row][et_pb_row _builder_version=&#8221;4.27.6&#8243; _module_preset=&#8221;default&#8221; global_colors_info=&#8221;{}&#8221; theme_builder_area=&#8221;post_content&#8221;][et_pb_column type=&#8221;4_4&#8243; _builder_version=&#8221;4.27.6&#8243; _module_preset=&#8221;default&#8221; global_colors_info=&#8221;{}&#8221; theme_builder_area=&#8221;post_content&#8221;][dipl_button inline_buttons=&#8221;on&#8221; buttons_alignment=&#8221;center&#8221; _builder_version=&#8221;4.27.6&#8243; _module_preset=&#8221;default&#8221; button_text_color=&#8221;#FFFFFF&#8221; custom_margin=&#8221;|||0px|false|false&#8221; custom_padding=&#8221;|||0px|false|false&#8221; hover_enabled=&#8221;0&#8243; border_color_all=&#8221;#C0CEC8&#8243; box_shadow_style=&#8221;preset3&#8243; global_colors_info=&#8221;{}&#8221; theme_builder_area=&#8221;post_content&#8221; sticky_enabled=&#8221;0&#8243;][dipl_button_item button_text=&#8221;Minisitios de aborto legal en los estados&#8221; button_bg_color=&#8221;#2E3856&#8243; button_alignment=&#8221;center&#8221; button_custom_margin=&#8221;|10px||10px|false|true&#8221; _builder_version=&#8221;4.27.6&#8243; _module_preset=&#8221;default&#8221; button_font=&#8221;&#8211;et_global_heading_font||||||||&#8221; button_text_color=&#8221;#FFFFFF&#8221; transform_translate=&#8221;5px|5px&#8221; text_orientation=&#8221;center&#8221; hover_enabled=&#8221;0&#8243; border_radii=&#8221;on|10px|10px|10px|10px&#8221; global_colors_info=&#8221;{}&#8221; transform_styles__hover_enabled=&#8221;on|desktop&#8221; transform_scale__hover_enabled=&#8221;on|desktop&#8221; transform_rotate__hover_enabled=&#8221;on|desktop&#8221; transform_skew__hover_enabled=&#8221;on|desktop&#8221; transform_origin__hover_enabled=&#8221;on|desktop&#8221; transform_translate__hover_enabled=&#8221;on|desktop&#8221; transform_translate__hover=&#8221;5px|5px&#8221; theme_builder_area=&#8221;post_content&#8221; button_url=&#8221;@ET-DC@eyJkeW5hbWljIjp0cnVlLCJjb250ZW50IjoicG9zdF9saW5rX3VybF9wYWdlIiwic2V0dGluZ3MiOnsicG9zdF9pZCI6IjQ0OTkifX0=@&#8221; _dynamic_attributes=&#8221;button_url&#8221; sticky_enabled=&#8221;0&#8243;][\/dipl_button_item][dipl_button_item button_text=&#8221;Causales de aborto legal en M\u00e9xico  &#8221; button_url=&#8221;@ET-DC@eyJkeW5hbWljIjp0cnVlLCJjb250ZW50IjoicG9zdF9saW5rX3VybF9yZWN1cnNvIiwic2V0dGluZ3MiOnsicG9zdF9pZCI6IjMzMjIifX0=@&#8221; button_bg_color=&#8221;#2E3856&#8243; button_alignment=&#8221;center&#8221; button_custom_margin=&#8221;|10px||10px|false|true&#8221; _builder_version=&#8221;4.27.6&#8243; _dynamic_attributes=&#8221;button_url&#8221; _module_preset=&#8221;default&#8221; button_font=&#8221;&#8211;et_global_heading_font||||||||&#8221; button_text_color=&#8221;#FFFFFF&#8221; transform_translate=&#8221;5px|5px&#8221; text_orientation=&#8221;center&#8221; border_radii=&#8221;on|10px|10px|10px|10px&#8221; global_colors_info=&#8221;{}&#8221; transform_styles__hover_enabled=&#8221;on|desktop&#8221; transform_scale__hover_enabled=&#8221;on|desktop&#8221; transform_rotate__hover_enabled=&#8221;on|desktop&#8221; transform_skew__hover_enabled=&#8221;on|desktop&#8221; transform_origin__hover_enabled=&#8221;on|desktop&#8221; transform_translate__hover_enabled=&#8221;on|desktop&#8221; transform_translate__hover=&#8221;5px|5px&#8221; theme_builder_area=&#8221;post_content&#8221;][\/dipl_button_item][dipl_button_item button_text=&#8221;Mapa interactivo aborto en mi pa\u00eds  &#8221; button_url=&#8221;https:\/\/abortoenmipais.ipaslac.org\/&#8221; url_new_window=&#8221;on&#8221; button_bg_color=&#8221;#2E3856&#8243; button_alignment=&#8221;center&#8221; button_custom_margin=&#8221;|10px||10px|false|true&#8221; _builder_version=&#8221;4.27.6&#8243; _module_preset=&#8221;default&#8221; button_font=&#8221;&#8211;et_global_heading_font||||||||&#8221; button_text_color=&#8221;#FFFFFF&#8221; transform_translate=&#8221;5px|5px&#8221; text_orientation=&#8221;center&#8221; border_radii=&#8221;on|10px|10px|10px|10px&#8221; global_colors_info=&#8221;{}&#8221; transform_styles__hover_enabled=&#8221;on|desktop&#8221; transform_scale__hover_enabled=&#8221;on|desktop&#8221; transform_rotate__hover_enabled=&#8221;on|desktop&#8221; transform_skew__hover_enabled=&#8221;on|desktop&#8221; transform_origin__hover_enabled=&#8221;on|desktop&#8221; transform_translate__hover_enabled=&#8221;on|desktop&#8221; transform_translate__hover=&#8221;5px|5px&#8221; theme_builder_area=&#8221;post_content&#8221;][\/dipl_button_item][\/dipl_button][\/et_pb_column][\/et_pb_row][\/et_pb_section]<\/p>\n","protected":false},"excerpt":{"rendered":"<p>In Mexico, we are working to ensure that all women and people with the possibility of gestation can choose to reproduce within the country.We are part of the program for Ipas Latin America and the Caribbean (Ipas LAC), a node of our international reproductive rights network. We network with different organizations, join efforts in the [&hellip;]<\/p>\n","protected":false},"author":2,"featured_media":0,"parent":4498,"menu_order":0,"comment_status":"closed","ping_status":"closed","template":"","meta":{"_et_pb_use_builder":"on","_et_pb_old_content":"","_et_gb_content_width":"","inline_featured_image":false,"_monsterinsights_skip_tracking":false,"_monsterinsights_sitenote_active":false,"_monsterinsights_sitenote_note":"","_monsterinsights_sitenote_category":0,"footnotes":""},"class_list":["post-4497","page","type-page","status-publish","hentry"],"yoast_head":"<!-- This site is optimized with the Yoast SEO plugin v27.3 - https:\/\/yoast.com\/product\/yoast-seo-wordpress\/ -->\n<title>Mexico - Ipas Latin America and Caribean (LAC)<\/title>\n<meta name=\"robots\" content=\"index, follow, max-snippet:-1, max-image-preview:large, max-video-preview:-1\" \/>\n<link rel=\"canonical\" href=\"https:\/\/ipaslac.org\/en\/where-we-work\/mexico\/\" \/>\n<meta property=\"og:locale\" content=\"en_US\" \/>\n<meta property=\"og:type\" content=\"article\" \/>\n<meta property=\"og:title\" content=\"Mexico - Ipas Latin America and Caribean (LAC)\" \/>\n<meta property=\"og:description\" content=\"In Mexico, we are working to ensure that all women and people with the possibility of gestation can choose to reproduce within the country.We are part of the program for Ipas Latin America and the Caribbean (Ipas LAC), a node of our international reproductive rights network. We network with different organizations, join efforts in the [&hellip;]\" \/>\n<meta property=\"og:url\" content=\"https:\/\/ipaslac.org\/en\/where-we-work\/mexico\/\" \/>\n<meta property=\"og:site_name\" content=\"Ipas Latin America and Caribean (LAC)\" \/>\n<meta property=\"article:publisher\" content=\"https:\/\/www.facebook.com\/profile.php?id=100087376253565\" \/>\n<meta property=\"article:modified_time\" content=\"2026-03-10T17:22:09+00:00\" \/>\n<meta name=\"twitter:card\" content=\"summary_large_image\" \/>\n<meta name=\"twitter:label1\" content=\"Est. reading time\" \/>\n\t<meta name=\"twitter:data1\" content=\"7 minutes\" \/>\n<script type=\"application\/ld+json\" class=\"yoast-schema-graph\">{\"@context\":\"https:\\\/\\\/schema.org\",\"@graph\":[{\"@type\":\"WebPage\",\"@id\":\"https:\\\/\\\/ipaslac.org\\\/en\\\/where-we-work\\\/mexico\\\/\",\"url\":\"https:\\\/\\\/ipaslac.org\\\/en\\\/where-we-work\\\/mexico\\\/\",\"name\":\"Mexico - Ipas Latin America and Caribean (LAC)\",\"isPartOf\":{\"@id\":\"https:\\\/\\\/ipaslac.org\\\/#website\"},\"datePublished\":\"2026-03-09T18:57:23+00:00\",\"dateModified\":\"2026-03-10T17:22:09+00:00\",\"breadcrumb\":{\"@id\":\"https:\\\/\\\/ipaslac.org\\\/en\\\/where-we-work\\\/mexico\\\/#breadcrumb\"},\"inLanguage\":\"en-US\",\"potentialAction\":[{\"@type\":\"ReadAction\",\"target\":[\"https:\\\/\\\/ipaslac.org\\\/en\\\/where-we-work\\\/mexico\\\/\"]}]},{\"@type\":\"BreadcrumbList\",\"@id\":\"https:\\\/\\\/ipaslac.org\\\/en\\\/where-we-work\\\/mexico\\\/#breadcrumb\",\"itemListElement\":[{\"@type\":\"ListItem\",\"position\":1,\"name\":\"Home\",\"item\":\"https:\\\/\\\/ipaslac.org\\\/en\\\/\"},{\"@type\":\"ListItem\",\"position\":2,\"name\":\"Where we work\",\"item\":\"https:\\\/\\\/ipaslac.org\\\/en\\\/where-we-work\\\/\"},{\"@type\":\"ListItem\",\"position\":3,\"name\":\"Mexico\"}]},{\"@type\":\"WebSite\",\"@id\":\"https:\\\/\\\/ipaslac.org\\\/#website\",\"url\":\"https:\\\/\\\/ipaslac.org\\\/\",\"name\":\"Ipas Latinoam\u00e9rica y el Caribe (Ipas LAC)\",\"description\":\"Health. Access. Rights.\",\"publisher\":{\"@id\":\"https:\\\/\\\/ipaslac.org\\\/#organization\"},\"potentialAction\":[{\"@type\":\"SearchAction\",\"target\":{\"@type\":\"EntryPoint\",\"urlTemplate\":\"https:\\\/\\\/ipaslac.org\\\/?s={search_term_string}\"},\"query-input\":{\"@type\":\"PropertyValueSpecification\",\"valueRequired\":true,\"valueName\":\"search_term_string\"}}],\"inLanguage\":\"en-US\"},{\"@type\":\"Organization\",\"@id\":\"https:\\\/\\\/ipaslac.org\\\/#organization\",\"name\":\"Ipas Bangladesh\",\"url\":\"https:\\\/\\\/ipaslac.org\\\/\",\"logo\":{\"@type\":\"ImageObject\",\"inLanguage\":\"en-US\",\"@id\":\"https:\\\/\\\/ipaslac.org\\\/#\\\/schema\\\/logo\\\/image\\\/\",\"url\":\"\",\"contentUrl\":\"\",\"caption\":\"Ipas Bangladesh\"},\"image\":{\"@id\":\"https:\\\/\\\/ipaslac.org\\\/#\\\/schema\\\/logo\\\/image\\\/\"},\"sameAs\":[\"https:\\\/\\\/www.facebook.com\\\/profile.php?id=100087376253565\",\"https:\\\/\\\/www.linkedin.com\\\/company\\\/89710990\\\/admin\\\/feed\\\/posts\\\/\",\"https:\\\/\\\/www.instagram.com\\\/ipas.bangladesh\\\/\"]}]}<\/script>\n<!-- \/ Yoast SEO plugin. -->","yoast_head_json":{"title":"Mexico - Ipas Latin America and Caribean (LAC)","robots":{"index":"index","follow":"follow","max-snippet":"max-snippet:-1","max-image-preview":"max-image-preview:large","max-video-preview":"max-video-preview:-1"},"canonical":"https:\/\/ipaslac.org\/en\/where-we-work\/mexico\/","og_locale":"en_US","og_type":"article","og_title":"Mexico - Ipas Latin America and Caribean (LAC)","og_description":"In Mexico, we are working to ensure that all women and people with the possibility of gestation can choose to reproduce within the country.We are part of the program for Ipas Latin America and the Caribbean (Ipas LAC), a node of our international reproductive rights network. We network with different organizations, join efforts in the [&hellip;]","og_url":"https:\/\/ipaslac.org\/en\/where-we-work\/mexico\/","og_site_name":"Ipas Latin America and Caribean (LAC)","article_publisher":"https:\/\/www.facebook.com\/profile.php?id=100087376253565","article_modified_time":"2026-03-10T17:22:09+00:00","twitter_card":"summary_large_image","twitter_misc":{"Est. reading time":"7 minutes"},"schema":{"@context":"https:\/\/schema.org","@graph":[{"@type":"WebPage","@id":"https:\/\/ipaslac.org\/en\/where-we-work\/mexico\/","url":"https:\/\/ipaslac.org\/en\/where-we-work\/mexico\/","name":"Mexico - Ipas Latin America and Caribean (LAC)","isPartOf":{"@id":"https:\/\/ipaslac.org\/#website"},"datePublished":"2026-03-09T18:57:23+00:00","dateModified":"2026-03-10T17:22:09+00:00","breadcrumb":{"@id":"https:\/\/ipaslac.org\/en\/where-we-work\/mexico\/#breadcrumb"},"inLanguage":"en-US","potentialAction":[{"@type":"ReadAction","target":["https:\/\/ipaslac.org\/en\/where-we-work\/mexico\/"]}]},{"@type":"BreadcrumbList","@id":"https:\/\/ipaslac.org\/en\/where-we-work\/mexico\/#breadcrumb","itemListElement":[{"@type":"ListItem","position":1,"name":"Home","item":"https:\/\/ipaslac.org\/en\/"},{"@type":"ListItem","position":2,"name":"Where we work","item":"https:\/\/ipaslac.org\/en\/where-we-work\/"},{"@type":"ListItem","position":3,"name":"Mexico"}]},{"@type":"WebSite","@id":"https:\/\/ipaslac.org\/#website","url":"https:\/\/ipaslac.org\/","name":"Ipas Latinoam\u00e9rica y el Caribe (Ipas LAC)","description":"Health. Access. Rights.","publisher":{"@id":"https:\/\/ipaslac.org\/#organization"},"potentialAction":[{"@type":"SearchAction","target":{"@type":"EntryPoint","urlTemplate":"https:\/\/ipaslac.org\/?s={search_term_string}"},"query-input":{"@type":"PropertyValueSpecification","valueRequired":true,"valueName":"search_term_string"}}],"inLanguage":"en-US"},{"@type":"Organization","@id":"https:\/\/ipaslac.org\/#organization","name":"Ipas Bangladesh","url":"https:\/\/ipaslac.org\/","logo":{"@type":"ImageObject","inLanguage":"en-US","@id":"https:\/\/ipaslac.org\/#\/schema\/logo\/image\/","url":"","contentUrl":"","caption":"Ipas Bangladesh"},"image":{"@id":"https:\/\/ipaslac.org\/#\/schema\/logo\/image\/"},"sameAs":["https:\/\/www.facebook.com\/profile.php?id=100087376253565","https:\/\/www.linkedin.com\/company\/89710990\/admin\/feed\/posts\/","https:\/\/www.instagram.com\/ipas.bangladesh\/"]}]}},"_links":{"self":[{"href":"https:\/\/ipaslac.org\/en\/wp-json\/wp\/v2\/pages\/4497","targetHints":{"allow":["GET"]}}],"collection":[{"href":"https:\/\/ipaslac.org\/en\/wp-json\/wp\/v2\/pages"}],"about":[{"href":"https:\/\/ipaslac.org\/en\/wp-json\/wp\/v2\/types\/page"}],"author":[{"embeddable":true,"href":"https:\/\/ipaslac.org\/en\/wp-json\/wp\/v2\/users\/2"}],"replies":[{"embeddable":true,"href":"https:\/\/ipaslac.org\/en\/wp-json\/wp\/v2\/comments?post=4497"}],"version-history":[{"count":0,"href":"https:\/\/ipaslac.org\/en\/wp-json\/wp\/v2\/pages\/4497\/revisions"}],"up":[{"embeddable":true,"href":"https:\/\/ipaslac.org\/en\/wp-json\/wp\/v2\/pages\/4498"}],"wp:attachment":[{"href":"https:\/\/ipaslac.org\/en\/wp-json\/wp\/v2\/media?parent=4497"}],"curies":[{"name":"wp","href":"https:\/\/api.w.org\/{rel}","templated":true}]}}