{"id":4505,"date":"2026-03-09T19:16:54","date_gmt":"2026-03-09T19:16:54","guid":{"rendered":"https:\/\/ipaslac.org\/legal-abortion-in-the-states\/"},"modified":"2026-03-09T19:27:54","modified_gmt":"2026-03-09T19:27:54","slug":"legal-abortion-in-the-states","status":"publish","type":"page","link":"https:\/\/ipaslac.org\/en\/where-we-work\/mexico\/legal-abortion-in-the-states\/","title":{"rendered":"Legal abortion in the states"},"content":{"rendered":"<p>[et_pb_section fb_built=&#8221;1&#8243; _builder_version=&#8221;4.27.6&#8243; _module_preset=&#8221;default&#8221; use_background_color_gradient=&#8221;on&#8221; background_color_gradient_direction=&#8221;18deg&#8221; background_color_gradient_stops=&#8221;#2e3856 0%|rgba(255,255,255,0) 100%&#8221; background_color_gradient_overlays_image=&#8221;on&#8221; background_image=&#8221;https:\/\/ipaslac.org\/wp-content\/uploads\/2025\/09\/54482873689_04f92af08c_k.jpg&#8221; custom_padding=&#8221;16px|||||&#8221; global_colors_info=&#8221;{}&#8221;][et_pb_row _builder_version=&#8221;4.27.6&#8243; _module_preset=&#8221;default&#8221; custom_margin=&#8221;0vw||0vw||false|false&#8221; custom_padding=&#8221;0px||||false|false&#8221; global_colors_info=&#8221;{}&#8221;][et_pb_column type=&#8221;4_4&#8243; _builder_version=&#8221;4.27.0&#8243; _module_preset=&#8221;default&#8221; global_colors_info=&#8221;{}&#8221;][et_pb_post_title featured_image=&#8221;on&#8221; _builder_version=&#8221;4.27.6&#8243; _module_preset=&#8221;default&#8221; custom_margin=&#8221;22vw||||false|false&#8221; custom_padding=&#8221;0px||||false|false&#8221; custom_padding_tablet=&#8221;&#8221; custom_padding_phone=&#8221;0px|||10vw|false|false&#8221; custom_padding_last_edited=&#8221;on|phone&#8221; global_colors_info=&#8221;{}&#8221;][\/et_pb_post_title][\/et_pb_column][\/et_pb_row][\/et_pb_section][et_pb_section fb_built=&#8221;1&#8243; _builder_version=&#8221;4.27.5&#8243; _module_preset=&#8221;default&#8221; background_color=&#8221;#FFFFFF&#8221; width=&#8221;100%&#8221; module_alignment=&#8221;center&#8221; custom_padding=&#8221;2vw||2vw||true|false&#8221; locked=&#8221;off&#8221; global_colors_info=&#8221;{}&#8221;][et_pb_row _builder_version=&#8221;4.27.5&#8243; _module_preset=&#8221;default&#8221; custom_margin=&#8221;0px||0px||false|false&#8221; custom_padding=&#8221;0px||0px||false|false&#8221; global_colors_info=&#8221;{}&#8221;][et_pb_column type=&#8221;4_4&#8243; _builder_version=&#8221;4.27.0&#8243; _module_preset=&#8221;default&#8221; global_colors_info=&#8221;{}&#8221;][et_pb_text _builder_version=&#8221;4.27.6&#8243; _module_preset=&#8221;default&#8221; text_line_height=&#8221;1em&#8221; global_colors_info=&#8221;{}&#8221;]<\/p>\n<h3>In the states, abortion is a legal health service. You have the right to safe abortion and the law protects you.   <\/h3>\n<p>[\/et_pb_text][\/et_pb_column][\/et_pb_row][et_pb_row _builder_version=&#8221;4.27.0&#8243; _module_preset=&#8221;default&#8221; global_colors_info=&#8221;{}&#8221;][et_pb_column type=&#8221;4_4&#8243; _builder_version=&#8221;4.27.0&#8243; _module_preset=&#8221;default&#8221; global_colors_info=&#8221;{}&#8221;][et_pb_text _builder_version=&#8221;4.27.6&#8243; _module_preset=&#8221;default&#8221; text_font_size=&#8221;20px&#8221; header_3_font=&#8221;|700||on|||||&#8221; header_3_font_size=&#8221;24px&#8221; global_colors_info=&#8221;{}&#8221;]The states that have laws that are more respectful of abortion rights in Mexico and consider the legal termination of pregnancy are Chiapas, Mexico City, Oaxaca, Hidalgo, Veracruz, Baja California, Colima, Sinaloa, Guerrero, Baja California Sur, Quintana Roo, Aguascalientes, Puebla, Jalisco, Michoac\u00e1n, San Luis Potos\u00ed, Chiapas, Zacatecas, State of Mexico, Nayarit, Campeche, Yucat\u00e1n and Tabasco.  <\/p>\n<p>In addition, the right to safe abortion is guaranteed under different grounds and without being subject to the number of weeks of gestation. [\/et_pb_text][\/et_pb_column][\/et_pb_row][et_pb_row _builder_version=&#8221;4.27.4&#8243; _module_preset=&#8221;default&#8221; global_colors_info=&#8221;{}&#8221;][et_pb_column type=&#8221;4_4&#8243; _builder_version=&#8221;4.27.4&#8243; _module_preset=&#8221;default&#8221; global_colors_info=&#8221;{}&#8221;][et_pb_image src=&#8221;https:\/\/ipaslac.org\/wp-content\/uploads\/2024\/11\/dashes-2.svg&#8221; title_text=&#8221;dashes-2&#8243; _builder_version=&#8221;4.27.6&#8243; _module_preset=&#8221;default&#8221; global_colors_info=&#8221;{}&#8221;][\/et_pb_image][\/et_pb_column][\/et_pb_row][\/et_pb_section][et_pb_section fb_built=&#8221;1&#8243; _builder_version=&#8221;4.27.6&#8243; _module_preset=&#8221;default&#8221; background_enable_color=&#8221;off&#8221; custom_margin=&#8221;0px||||false|false&#8221; custom_padding=&#8221;1px||||false|false&#8221; global_colors_info=&#8221;{}&#8221;][et_pb_row _builder_version=&#8221;4.27.6&#8243; _module_preset=&#8221;default&#8221; background_enable_color=&#8221;off&#8221; background_enable_image=&#8221;off&#8221; background_size=&#8221;initial&#8221; background_repeat=&#8221;repeat&#8221; custom_margin=&#8221;0vw||0vw||false|false&#8221; custom_padding=&#8221;2vw|4vw|1vw|4vw|false|true&#8221; global_colors_info=&#8221;{}&#8221;][et_pb_column type=&#8221;4_4&#8243; _builder_version=&#8221;4.21.0&#8243; _module_preset=&#8221;default&#8221; global_colors_info=&#8221;{}&#8221;][et_pb_text _builder_version=&#8221;4.27.6&#8243; _module_preset=&#8221;default&#8221; header_2_text_align=&#8221;center&#8221; header_2_text_color=&#8221;#FFFFFF&#8221; hover_enabled=&#8221;0&#8243; global_colors_info=&#8221;{}&#8221; sticky_enabled=&#8221;0&#8243;]Visit the legal abortion sites to learn about the legal abortion grounds in the entities to access legal abortion, the safe abortion methods and the health units that are located in each locality and offer abortion services:  <\/p>\n<p><div class=\"map_wrapper\" id=\"map_wrapper_4501\">\n<div class=\"map_box\" style=\"max-width:2000px\">\n<div class=\"map_aspect_ratio\" style=\"padding-top:60%\" data-padding-top=\"60%\" data-padding-top-mobile=\"0%\">\n<div class=\"map_container\">\n<div class=\"map_render map_loading\" id=\"map_4501\"><\/div>\n<\/div>\n<\/div>\n<\/div>\n<\/div>[\/et_pb_text][\/et_pb_column][\/et_pb_row][\/et_pb_section]<\/p>\n","protected":false},"excerpt":{"rendered":"<p>In the states, abortion is a legal health service. You have the right to safe abortion and the law protects you. The states that have laws that are more respectful of abortion rights in Mexico and consider the legal termination of pregnancy are Chiapas, Mexico City, Oaxaca, Hidalgo, Veracruz, Baja California, Colima, Sinaloa, Guerrero, Baja [&hellip;]<\/p>\n","protected":false},"author":2,"featured_media":0,"parent":4497,"menu_order":0,"comment_status":"closed","ping_status":"closed","template":"","meta":{"_et_pb_use_builder":"on","_et_pb_old_content":"","_et_gb_content_width":"","inline_featured_image":false,"_monsterinsights_skip_tracking":false,"_monsterinsights_sitenote_active":false,"_monsterinsights_sitenote_note":"","_monsterinsights_sitenote_category":0,"footnotes":""},"class_list":["post-4505","page","type-page","status-publish","hentry"],"yoast_head":"<!-- This site is optimized with the Yoast SEO plugin v27.3 - https:\/\/yoast.com\/product\/yoast-seo-wordpress\/ -->\n<title>Legal abortion in the states - Ipas Latin America and Caribean (LAC)<\/title>\n<meta name=\"robots\" content=\"index, follow, max-snippet:-1, max-image-preview:large, max-video-preview:-1\" \/>\n<link rel=\"canonical\" href=\"https:\/\/ipaslac.org\/en\/where-we-work\/mexico\/legal-abortion-in-the-states\/\" \/>\n<meta property=\"og:locale\" content=\"en_US\" \/>\n<meta property=\"og:type\" content=\"article\" \/>\n<meta property=\"og:title\" content=\"Legal abortion in the states - Ipas Latin America and Caribean (LAC)\" \/>\n<meta property=\"og:description\" content=\"In the states, abortion is a legal health service. You have the right to safe abortion and the law protects you. The states that have laws that are more respectful of abortion rights in Mexico and consider the legal termination of pregnancy are Chiapas, Mexico City, Oaxaca, Hidalgo, Veracruz, Baja California, Colima, Sinaloa, Guerrero, Baja [&hellip;]\" \/>\n<meta property=\"og:url\" content=\"https:\/\/ipaslac.org\/en\/where-we-work\/mexico\/legal-abortion-in-the-states\/\" \/>\n<meta property=\"og:site_name\" content=\"Ipas Latin America and Caribean (LAC)\" \/>\n<meta property=\"article:publisher\" content=\"https:\/\/www.facebook.com\/profile.php?id=100087376253565\" \/>\n<meta property=\"article:modified_time\" content=\"2026-03-09T19:27:54+00:00\" \/>\n<meta name=\"twitter:card\" content=\"summary_large_image\" \/>\n<meta name=\"twitter:label1\" content=\"Est. reading time\" \/>\n\t<meta name=\"twitter:data1\" content=\"3 minutes\" \/>\n<script type=\"application\/ld+json\" class=\"yoast-schema-graph\">{\"@context\":\"https:\\\/\\\/schema.org\",\"@graph\":[{\"@type\":\"WebPage\",\"@id\":\"https:\\\/\\\/ipaslac.org\\\/en\\\/where-we-work\\\/mexico\\\/legal-abortion-in-the-states\\\/\",\"url\":\"https:\\\/\\\/ipaslac.org\\\/en\\\/where-we-work\\\/mexico\\\/legal-abortion-in-the-states\\\/\",\"name\":\"Legal abortion in the states - Ipas Latin America and Caribean (LAC)\",\"isPartOf\":{\"@id\":\"https:\\\/\\\/ipaslac.org\\\/#website\"},\"datePublished\":\"2026-03-09T19:16:54+00:00\",\"dateModified\":\"2026-03-09T19:27:54+00:00\",\"breadcrumb\":{\"@id\":\"https:\\\/\\\/ipaslac.org\\\/en\\\/where-we-work\\\/mexico\\\/legal-abortion-in-the-states\\\/#breadcrumb\"},\"inLanguage\":\"en-US\",\"potentialAction\":[{\"@type\":\"ReadAction\",\"target\":[\"https:\\\/\\\/ipaslac.org\\\/en\\\/where-we-work\\\/mexico\\\/legal-abortion-in-the-states\\\/\"]}]},{\"@type\":\"BreadcrumbList\",\"@id\":\"https:\\\/\\\/ipaslac.org\\\/en\\\/where-we-work\\\/mexico\\\/legal-abortion-in-the-states\\\/#breadcrumb\",\"itemListElement\":[{\"@type\":\"ListItem\",\"position\":1,\"name\":\"Home\",\"item\":\"https:\\\/\\\/ipaslac.org\\\/en\\\/\"},{\"@type\":\"ListItem\",\"position\":2,\"name\":\"Where we work\",\"item\":\"https:\\\/\\\/ipaslac.org\\\/en\\\/where-we-work\\\/\"},{\"@type\":\"ListItem\",\"position\":3,\"name\":\"Mexico\",\"item\":\"https:\\\/\\\/ipaslac.org\\\/en\\\/where-we-work\\\/mexico\\\/\"},{\"@type\":\"ListItem\",\"position\":4,\"name\":\"Legal abortion in the states\"}]},{\"@type\":\"WebSite\",\"@id\":\"https:\\\/\\\/ipaslac.org\\\/#website\",\"url\":\"https:\\\/\\\/ipaslac.org\\\/\",\"name\":\"Ipas Latinoam\u00e9rica y el Caribe (Ipas LAC)\",\"description\":\"Health. Access. Rights.\",\"publisher\":{\"@id\":\"https:\\\/\\\/ipaslac.org\\\/#organization\"},\"potentialAction\":[{\"@type\":\"SearchAction\",\"target\":{\"@type\":\"EntryPoint\",\"urlTemplate\":\"https:\\\/\\\/ipaslac.org\\\/?s={search_term_string}\"},\"query-input\":{\"@type\":\"PropertyValueSpecification\",\"valueRequired\":true,\"valueName\":\"search_term_string\"}}],\"inLanguage\":\"en-US\"},{\"@type\":\"Organization\",\"@id\":\"https:\\\/\\\/ipaslac.org\\\/#organization\",\"name\":\"Ipas Bangladesh\",\"url\":\"https:\\\/\\\/ipaslac.org\\\/\",\"logo\":{\"@type\":\"ImageObject\",\"inLanguage\":\"en-US\",\"@id\":\"https:\\\/\\\/ipaslac.org\\\/#\\\/schema\\\/logo\\\/image\\\/\",\"url\":\"\",\"contentUrl\":\"\",\"caption\":\"Ipas Bangladesh\"},\"image\":{\"@id\":\"https:\\\/\\\/ipaslac.org\\\/#\\\/schema\\\/logo\\\/image\\\/\"},\"sameAs\":[\"https:\\\/\\\/www.facebook.com\\\/profile.php?id=100087376253565\",\"https:\\\/\\\/www.linkedin.com\\\/company\\\/89710990\\\/admin\\\/feed\\\/posts\\\/\",\"https:\\\/\\\/www.instagram.com\\\/ipas.bangladesh\\\/\"]}]}<\/script>\n<!-- \/ Yoast SEO plugin. -->","yoast_head_json":{"title":"Legal abortion in the states - Ipas Latin America and Caribean (LAC)","robots":{"index":"index","follow":"follow","max-snippet":"max-snippet:-1","max-image-preview":"max-image-preview:large","max-video-preview":"max-video-preview:-1"},"canonical":"https:\/\/ipaslac.org\/en\/where-we-work\/mexico\/legal-abortion-in-the-states\/","og_locale":"en_US","og_type":"article","og_title":"Legal abortion in the states - Ipas Latin America and Caribean (LAC)","og_description":"In the states, abortion is a legal health service. You have the right to safe abortion and the law protects you. The states that have laws that are more respectful of abortion rights in Mexico and consider the legal termination of pregnancy are Chiapas, Mexico City, Oaxaca, Hidalgo, Veracruz, Baja California, Colima, Sinaloa, Guerrero, Baja [&hellip;]","og_url":"https:\/\/ipaslac.org\/en\/where-we-work\/mexico\/legal-abortion-in-the-states\/","og_site_name":"Ipas Latin America and Caribean (LAC)","article_publisher":"https:\/\/www.facebook.com\/profile.php?id=100087376253565","article_modified_time":"2026-03-09T19:27:54+00:00","twitter_card":"summary_large_image","twitter_misc":{"Est. reading time":"3 minutes"},"schema":{"@context":"https:\/\/schema.org","@graph":[{"@type":"WebPage","@id":"https:\/\/ipaslac.org\/en\/where-we-work\/mexico\/legal-abortion-in-the-states\/","url":"https:\/\/ipaslac.org\/en\/where-we-work\/mexico\/legal-abortion-in-the-states\/","name":"Legal abortion in the states - Ipas Latin America and Caribean (LAC)","isPartOf":{"@id":"https:\/\/ipaslac.org\/#website"},"datePublished":"2026-03-09T19:16:54+00:00","dateModified":"2026-03-09T19:27:54+00:00","breadcrumb":{"@id":"https:\/\/ipaslac.org\/en\/where-we-work\/mexico\/legal-abortion-in-the-states\/#breadcrumb"},"inLanguage":"en-US","potentialAction":[{"@type":"ReadAction","target":["https:\/\/ipaslac.org\/en\/where-we-work\/mexico\/legal-abortion-in-the-states\/"]}]},{"@type":"BreadcrumbList","@id":"https:\/\/ipaslac.org\/en\/where-we-work\/mexico\/legal-abortion-in-the-states\/#breadcrumb","itemListElement":[{"@type":"ListItem","position":1,"name":"Home","item":"https:\/\/ipaslac.org\/en\/"},{"@type":"ListItem","position":2,"name":"Where we work","item":"https:\/\/ipaslac.org\/en\/where-we-work\/"},{"@type":"ListItem","position":3,"name":"Mexico","item":"https:\/\/ipaslac.org\/en\/where-we-work\/mexico\/"},{"@type":"ListItem","position":4,"name":"Legal abortion in the states"}]},{"@type":"WebSite","@id":"https:\/\/ipaslac.org\/#website","url":"https:\/\/ipaslac.org\/","name":"Ipas Latinoam\u00e9rica y el Caribe (Ipas LAC)","description":"Health. Access. Rights.","publisher":{"@id":"https:\/\/ipaslac.org\/#organization"},"potentialAction":[{"@type":"SearchAction","target":{"@type":"EntryPoint","urlTemplate":"https:\/\/ipaslac.org\/?s={search_term_string}"},"query-input":{"@type":"PropertyValueSpecification","valueRequired":true,"valueName":"search_term_string"}}],"inLanguage":"en-US"},{"@type":"Organization","@id":"https:\/\/ipaslac.org\/#organization","name":"Ipas Bangladesh","url":"https:\/\/ipaslac.org\/","logo":{"@type":"ImageObject","inLanguage":"en-US","@id":"https:\/\/ipaslac.org\/#\/schema\/logo\/image\/","url":"","contentUrl":"","caption":"Ipas Bangladesh"},"image":{"@id":"https:\/\/ipaslac.org\/#\/schema\/logo\/image\/"},"sameAs":["https:\/\/www.facebook.com\/profile.php?id=100087376253565","https:\/\/www.linkedin.com\/company\/89710990\/admin\/feed\/posts\/","https:\/\/www.instagram.com\/ipas.bangladesh\/"]}]}},"_links":{"self":[{"href":"https:\/\/ipaslac.org\/en\/wp-json\/wp\/v2\/pages\/4505","targetHints":{"allow":["GET"]}}],"collection":[{"href":"https:\/\/ipaslac.org\/en\/wp-json\/wp\/v2\/pages"}],"about":[{"href":"https:\/\/ipaslac.org\/en\/wp-json\/wp\/v2\/types\/page"}],"author":[{"embeddable":true,"href":"https:\/\/ipaslac.org\/en\/wp-json\/wp\/v2\/users\/2"}],"replies":[{"embeddable":true,"href":"https:\/\/ipaslac.org\/en\/wp-json\/wp\/v2\/comments?post=4505"}],"version-history":[{"count":0,"href":"https:\/\/ipaslac.org\/en\/wp-json\/wp\/v2\/pages\/4505\/revisions"}],"up":[{"embeddable":true,"href":"https:\/\/ipaslac.org\/en\/wp-json\/wp\/v2\/pages\/4497"}],"wp:attachment":[{"href":"https:\/\/ipaslac.org\/en\/wp-json\/wp\/v2\/media?parent=4505"}],"curies":[{"name":"wp","href":"https:\/\/api.w.org\/{rel}","templated":true}]}}