{"id":4566,"date":"2026-03-13T19:55:54","date_gmt":"2026-03-13T19:55:54","guid":{"rendered":"https:\/\/ipaslac.org\/references\/"},"modified":"2026-04-02T16:00:27","modified_gmt":"2026-04-02T16:00:27","slug":"references","status":"publish","type":"page","link":"https:\/\/ipaslac.org\/en\/where-we-work\/mexico\/legal-abortion-in-the-states\/legal-abortion-chiapas\/references\/","title":{"rendered":"References &#8211; Chiapas"},"content":{"rendered":"<p>[et_pb_section fb_built=&#8221;1&#8243; _builder_version=&#8221;4.16&#8243; _module_preset=&#8221;default&#8221; global_colors_info=&#8221;{}&#8221; theme_builder_area=&#8221;post_content&#8221;][et_pb_row _builder_version=&#8221;4.16&#8243; _module_preset=&#8221;default&#8221; global_colors_info=&#8221;{}&#8221; theme_builder_area=&#8221;post_content&#8221;][et_pb_column type=&#8221;4_4&#8243; _builder_version=&#8221;4.16&#8243; _module_preset=&#8221;default&#8221; global_colors_info=&#8221;{}&#8221; theme_builder_area=&#8221;post_content&#8221;][et_pb_text _builder_version=&#8221;4.27.5&#8243; _module_preset=&#8221;2351fc3e-3bc3-4eaa-809d-a874f0045114&#8243; header_font=&#8221;|700|||||||&#8221; header_text_align=&#8221;center&#8221; header_font_size=&#8221;40px&#8221; global_colors_info=&#8221;{}&#8221; theme_builder_area=&#8221;post_content&#8221;]<\/p>\n<h1>References<\/h1>\n<p>[\/et_pb_text][et_pb_text _builder_version=&#8221;4.27.5&#8243; _module_preset=&#8221;2351fc3e-3bc3-4eaa-809d-a874f0045114&#8243; text_font_size=&#8221;16px&#8221; text_line_height=&#8221;1.6em&#8221; global_colors_info=&#8221;{}&#8221; theme_builder_area=&#8221;post_content&#8221;]<\/p>\n<p class=\"p1\">Penal Code of the State of Chiapas. <a href=\"https:\/\/legislacion.scjn.gob.mx\/Buscador\/Paginas\/wfArticuladoFast.aspx?q=Dxg6iFApyzNofbJ0DboXWm7\/4w7s9cbFQ8S19GD+HitmPbjsVrdf8W+wVNpj\/1bqU7D8dC1KVmy5iaSBgqlxnQ==\">https:\/\/legislacion.scjn.gob.mx\/Buscador\/Paginas\/wfArticuladoFast.aspx?q=Dxg6iFApyzNofbJ0DboXWm7\/4w7s9cbFQ8S19GD+HitmPbjsVrdf8W+wVNpj\/1bqU7D8dC1KVmy5iaSBgqlxnQ==<\/a> <a href=\"https:\/\/legislacion.scjn.gob.mx\/Buscador\/Paginas\/wfOrdenamientoDetalle.aspx?q=pwUhdNvCSySjs8D73SRJEHYnHfovtVU5B6rn0lWNB7tkkqebTeNEiVgigkFEEP62\"><\/a><\/p>\n<p class=\"p1\">Ipas (2020). <i>Clinical updates in reproductive health<\/i>(L. Castleman and N. Kapp, eds.). Ipas.   <\/p>\n<p class=\"p1\">Ministry of the Interior (Segob). (2009, April). Modification to the Mexican Official Standard NOM-190-SSA1-1999. Provision of health services. Criteria for medical care of domestic violence, to be renumbered as NOM-046-SSA2-2005. Family, sexual violence and violence against women. Criteria for prevention and care. <i>Diario Oficial de la Federaci\u00f3n.<\/i> <a href=\"http:\/\/sitios.dif.gob.mx\/normateca\/wp-content\/Archivos\/Normateca\/DispGrales\/NOM-046-SSA2-2005_ViolenciaFamiliar.pdf\" target=\"_blank\" rel=\"noopener\">http:\/\/sitios.dif.gob.mx\/normateca\/wp-content\/Archivos\/Normateca\/DispGrales\/NOM-046-SSA2-2005_ViolenciaFamiliar.pdf<\/a>      <\/p>\n<p class=\"p1\">________. (2014, March). Article 215 BIS 6. Reglamento de la Ley General de Salud en Materia de Prestaci\u00f3n de Servicios de Atenci\u00f3n M\u00e9dica. <i>Diario Oficial de la Federaci\u00f3n.<\/i> <a href=\"http:\/\/dof.gob.mx\/nota_detalle.php?codigo=5337964&amp;fecha=24\/03\/2014\" target=\"_blank\" rel=\"noopener\">http:\/\/dof.gob.mx\/nota_detalle.php?codigo=5337964&amp;fecha=24\/03\/2014<\/a>  <\/p>\n<p class=\"p1\">________. (2016, March). Modification of items 6.4.2.7, 6.4.2.8, 6.6.1 and 6.7.2.9 of the Mexican Official Standard NOM-190-SSA1-1999. Provision of health services. Criteria for medical care of family violence, to be renumbered as NOM-046-SSA2-2005. Family, sexual and violence against women.     Criteria for prevention and care. <i>Official Gazette of the Federation<\/i>.  <span class=\"Apple-converted-space\">  <\/span><a href=\"https:\/\/www.dof.gob.mx\/nota_detalle.php?codigo=5430957&amp;fecha=24\/03\/2016\" target=\"_blank\" rel=\"noopener\">https:\/\/www.dof.gob.mx\/nota_detalle.php?codigo=5430957&amp;fecha=24\/03\/2016<\/a><\/p>\n<p class=\"p1\">________. (2017, March). Articles 29 and 30, section X. General Law on Victims. <span class=\"Apple-converted-space\">  <\/span><i>Diario Oficial de la Federaci\u00f3n.<\/i> <a href=\"http:\/\/www.diputados.gob.mx\/LeyesBiblio\/ref\/lgv\/LGV_ref02_03ene17.pdf\" target=\"_blank\" rel=\"noopener\">http:\/\/www.diputados.gob.mx\/LeyesBiblio\/ref\/lgv\/LGV_ref02_03ene17.pdf<\/a><\/p>\n<p class=\"p1\">Supreme Court of Justice of the Nation (scjn). (2008). Action of unconstitutionality 146\/2007 and its accumulated 147\/2007, Judgment of August 28, 2008. <a href=\"https:\/\/www2.scjn.gob.mx\/ConsultaTematica\/PaginasPub\/DetallePub.aspx?AsuntoID=91638\" target=\"_blank\" rel=\"noopener\">https:\/\/www2.scjn.gob.mx\/ConsultaTematica\/PaginasPub\/DetallePub.aspx?AsuntoID=91638<\/a><\/p>\n<p class=\"p1\">________. (2019). 20 Amparo en revisi\u00f3n 1388\/2015, Primera Sala de Justicia de la Naci\u00f3n, Sentencia, Public version of draft for clearance, voted unanimously in the affirmative in session on May 15, 2019. <a href=\"http:\/\/www2.scjn.gob.mx\/juridica\/engroses\/1\/2015\/2\/2_190811_4685.docx\" target=\"_blank\" rel=\"noopener\">http:\/\/www2.scjn.gob.mx\/juridica\/engroses\/1\/2015\/2\/2_190811_4685.docx<\/a><\/p>\n<p>[\/et_pb_text][\/et_pb_column][\/et_pb_row][\/et_pb_section]<\/p>\n","protected":false},"excerpt":{"rendered":"<p>ReferencesPenal Code of the State of Chiapas. https:\/\/legislacion.scjn.gob.mx\/Buscador\/Paginas\/wfArticuladoFast.aspx?q=Dxg6iFApyzNofbJ0DboXWm7\/4w7s9cbFQ8S19GD+HitmPbjsVrdf8W+wVNpj\/1bqU7D8dC1KVmy5iaSBgqlxnQ== Ipas (2020). Clinical updates in reproductive health(L. Castleman and N. Kapp, eds.). Ipas. Ministry of the Interior (Segob). (2009, April). Modification to the Mexican Official Standard NOM-190-SSA1-1999. Provision of health services. Criteria for medical care of domestic violence, to be renumbered as NOM-046-SSA2-2005. Family, sexual violence and [&hellip;]<\/p>\n","protected":false},"author":2,"featured_media":0,"parent":4516,"menu_order":0,"comment_status":"closed","ping_status":"closed","template":"","meta":{"_et_pb_use_builder":"on","_et_pb_old_content":"","_et_gb_content_width":"","inline_featured_image":false,"_monsterinsights_skip_tracking":false,"_monsterinsights_sitenote_active":false,"_monsterinsights_sitenote_note":"","_monsterinsights_sitenote_category":0,"footnotes":""},"class_list":["post-4566","page","type-page","status-publish","hentry"],"yoast_head":"<!-- This site is optimized with the Yoast SEO plugin v27.6 - https:\/\/yoast.com\/product\/yoast-seo-wordpress\/ -->\n<title>References - Chiapas - Ipas Latin America and Caribean (LAC)<\/title>\n<meta name=\"robots\" content=\"index, follow, max-snippet:-1, max-image-preview:large, max-video-preview:-1\" \/>\n<link rel=\"canonical\" href=\"https:\/\/ipaslac.org\/en\/where-we-work\/mexico\/legal-abortion-in-the-states\/legal-abortion-chiapas\/references\/\" \/>\n<meta property=\"og:locale\" content=\"en_US\" \/>\n<meta property=\"og:type\" content=\"article\" \/>\n<meta property=\"og:title\" content=\"References - Chiapas - Ipas Latin America and Caribean (LAC)\" \/>\n<meta property=\"og:description\" content=\"ReferencesPenal Code of the State of Chiapas. https:\/\/legislacion.scjn.gob.mx\/Buscador\/Paginas\/wfArticuladoFast.aspx?q=Dxg6iFApyzNofbJ0DboXWm7\/4w7s9cbFQ8S19GD+HitmPbjsVrdf8W+wVNpj\/1bqU7D8dC1KVmy5iaSBgqlxnQ== Ipas (2020). Clinical updates in reproductive health(L. Castleman and N. Kapp, eds.). Ipas. Ministry of the Interior (Segob). (2009, April). Modification to the Mexican Official Standard NOM-190-SSA1-1999. Provision of health services. Criteria for medical care of domestic violence, to be renumbered as NOM-046-SSA2-2005. Family, sexual violence and [&hellip;]\" \/>\n<meta property=\"og:url\" content=\"https:\/\/ipaslac.org\/en\/where-we-work\/mexico\/legal-abortion-in-the-states\/legal-abortion-chiapas\/references\/\" \/>\n<meta property=\"og:site_name\" content=\"Ipas Latin America and Caribean (LAC)\" \/>\n<meta property=\"article:publisher\" content=\"https:\/\/www.facebook.com\/profile.php?id=100087376253565\" \/>\n<meta property=\"article:modified_time\" content=\"2026-04-02T16:00:27+00:00\" \/>\n<meta name=\"twitter:card\" content=\"summary_large_image\" \/>\n<meta name=\"twitter:label1\" content=\"Est. reading time\" \/>\n\t<meta name=\"twitter:data1\" content=\"2 minutes\" \/>\n<script type=\"application\/ld+json\" class=\"yoast-schema-graph\">{\"@context\":\"https:\\\/\\\/schema.org\",\"@graph\":[{\"@type\":\"WebPage\",\"@id\":\"https:\\\/\\\/ipaslac.org\\\/en\\\/where-we-work\\\/mexico\\\/legal-abortion-in-the-states\\\/legal-abortion-chiapas\\\/references\\\/\",\"url\":\"https:\\\/\\\/ipaslac.org\\\/en\\\/where-we-work\\\/mexico\\\/legal-abortion-in-the-states\\\/legal-abortion-chiapas\\\/references\\\/\",\"name\":\"References - Chiapas - Ipas Latin America and Caribean (LAC)\",\"isPartOf\":{\"@id\":\"https:\\\/\\\/ipaslac.org\\\/#website\"},\"datePublished\":\"2026-03-13T19:55:54+00:00\",\"dateModified\":\"2026-04-02T16:00:27+00:00\",\"breadcrumb\":{\"@id\":\"https:\\\/\\\/ipaslac.org\\\/en\\\/where-we-work\\\/mexico\\\/legal-abortion-in-the-states\\\/legal-abortion-chiapas\\\/references\\\/#breadcrumb\"},\"inLanguage\":\"en-US\",\"potentialAction\":[{\"@type\":\"ReadAction\",\"target\":[\"https:\\\/\\\/ipaslac.org\\\/en\\\/where-we-work\\\/mexico\\\/legal-abortion-in-the-states\\\/legal-abortion-chiapas\\\/references\\\/\"]}]},{\"@type\":\"BreadcrumbList\",\"@id\":\"https:\\\/\\\/ipaslac.org\\\/en\\\/where-we-work\\\/mexico\\\/legal-abortion-in-the-states\\\/legal-abortion-chiapas\\\/references\\\/#breadcrumb\",\"itemListElement\":[{\"@type\":\"ListItem\",\"position\":1,\"name\":\"Home\",\"item\":\"https:\\\/\\\/ipaslac.org\\\/en\\\/\"},{\"@type\":\"ListItem\",\"position\":2,\"name\":\"Where we work\",\"item\":\"https:\\\/\\\/ipaslac.org\\\/en\\\/where-we-work\\\/\"},{\"@type\":\"ListItem\",\"position\":3,\"name\":\"Mexico\",\"item\":\"https:\\\/\\\/ipaslac.org\\\/en\\\/where-we-work\\\/mexico\\\/\"},{\"@type\":\"ListItem\",\"position\":4,\"name\":\"Legal abortion in the states\",\"item\":\"https:\\\/\\\/ipaslac.org\\\/en\\\/where-we-work\\\/mexico\\\/legal-abortion-in-the-states\\\/\"},{\"@type\":\"ListItem\",\"position\":5,\"name\":\"Legal Abortion &#8211; Chiapas\",\"item\":\"https:\\\/\\\/ipaslac.org\\\/en\\\/where-we-work\\\/mexico\\\/legal-abortion-in-the-states\\\/legal-abortion-chiapas\\\/\"},{\"@type\":\"ListItem\",\"position\":6,\"name\":\"References &#8211; Chiapas\"}]},{\"@type\":\"WebSite\",\"@id\":\"https:\\\/\\\/ipaslac.org\\\/#website\",\"url\":\"https:\\\/\\\/ipaslac.org\\\/\",\"name\":\"Ipas Latinoam\u00e9rica y el Caribe (Ipas LAC)\",\"description\":\"Health. Access. Rights.\",\"publisher\":{\"@id\":\"https:\\\/\\\/ipaslac.org\\\/#organization\"},\"potentialAction\":[{\"@type\":\"SearchAction\",\"target\":{\"@type\":\"EntryPoint\",\"urlTemplate\":\"https:\\\/\\\/ipaslac.org\\\/?s={search_term_string}\"},\"query-input\":{\"@type\":\"PropertyValueSpecification\",\"valueRequired\":true,\"valueName\":\"search_term_string\"}}],\"inLanguage\":\"en-US\"},{\"@type\":\"Organization\",\"@id\":\"https:\\\/\\\/ipaslac.org\\\/#organization\",\"name\":\"Ipas Bangladesh\",\"url\":\"https:\\\/\\\/ipaslac.org\\\/\",\"logo\":{\"@type\":\"ImageObject\",\"inLanguage\":\"en-US\",\"@id\":\"https:\\\/\\\/ipaslac.org\\\/#\\\/schema\\\/logo\\\/image\\\/\",\"url\":\"\",\"contentUrl\":\"\",\"caption\":\"Ipas Bangladesh\"},\"image\":{\"@id\":\"https:\\\/\\\/ipaslac.org\\\/#\\\/schema\\\/logo\\\/image\\\/\"},\"sameAs\":[\"https:\\\/\\\/www.facebook.com\\\/profile.php?id=100087376253565\",\"https:\\\/\\\/www.linkedin.com\\\/company\\\/89710990\\\/admin\\\/feed\\\/posts\\\/\",\"https:\\\/\\\/www.instagram.com\\\/ipas.bangladesh\\\/\"]}]}<\/script>\n<!-- \/ Yoast SEO plugin. -->","yoast_head_json":{"title":"References - Chiapas - Ipas Latin America and Caribean (LAC)","robots":{"index":"index","follow":"follow","max-snippet":"max-snippet:-1","max-image-preview":"max-image-preview:large","max-video-preview":"max-video-preview:-1"},"canonical":"https:\/\/ipaslac.org\/en\/where-we-work\/mexico\/legal-abortion-in-the-states\/legal-abortion-chiapas\/references\/","og_locale":"en_US","og_type":"article","og_title":"References - Chiapas - Ipas Latin America and Caribean (LAC)","og_description":"ReferencesPenal Code of the State of Chiapas. https:\/\/legislacion.scjn.gob.mx\/Buscador\/Paginas\/wfArticuladoFast.aspx?q=Dxg6iFApyzNofbJ0DboXWm7\/4w7s9cbFQ8S19GD+HitmPbjsVrdf8W+wVNpj\/1bqU7D8dC1KVmy5iaSBgqlxnQ== Ipas (2020). Clinical updates in reproductive health(L. Castleman and N. Kapp, eds.). Ipas. Ministry of the Interior (Segob). (2009, April). Modification to the Mexican Official Standard NOM-190-SSA1-1999. Provision of health services. Criteria for medical care of domestic violence, to be renumbered as NOM-046-SSA2-2005. Family, sexual violence and [&hellip;]","og_url":"https:\/\/ipaslac.org\/en\/where-we-work\/mexico\/legal-abortion-in-the-states\/legal-abortion-chiapas\/references\/","og_site_name":"Ipas Latin America and Caribean (LAC)","article_publisher":"https:\/\/www.facebook.com\/profile.php?id=100087376253565","article_modified_time":"2026-04-02T16:00:27+00:00","twitter_card":"summary_large_image","twitter_misc":{"Est. reading time":"2 minutes"},"schema":{"@context":"https:\/\/schema.org","@graph":[{"@type":"WebPage","@id":"https:\/\/ipaslac.org\/en\/where-we-work\/mexico\/legal-abortion-in-the-states\/legal-abortion-chiapas\/references\/","url":"https:\/\/ipaslac.org\/en\/where-we-work\/mexico\/legal-abortion-in-the-states\/legal-abortion-chiapas\/references\/","name":"References - Chiapas - Ipas Latin America and Caribean (LAC)","isPartOf":{"@id":"https:\/\/ipaslac.org\/#website"},"datePublished":"2026-03-13T19:55:54+00:00","dateModified":"2026-04-02T16:00:27+00:00","breadcrumb":{"@id":"https:\/\/ipaslac.org\/en\/where-we-work\/mexico\/legal-abortion-in-the-states\/legal-abortion-chiapas\/references\/#breadcrumb"},"inLanguage":"en-US","potentialAction":[{"@type":"ReadAction","target":["https:\/\/ipaslac.org\/en\/where-we-work\/mexico\/legal-abortion-in-the-states\/legal-abortion-chiapas\/references\/"]}]},{"@type":"BreadcrumbList","@id":"https:\/\/ipaslac.org\/en\/where-we-work\/mexico\/legal-abortion-in-the-states\/legal-abortion-chiapas\/references\/#breadcrumb","itemListElement":[{"@type":"ListItem","position":1,"name":"Home","item":"https:\/\/ipaslac.org\/en\/"},{"@type":"ListItem","position":2,"name":"Where we work","item":"https:\/\/ipaslac.org\/en\/where-we-work\/"},{"@type":"ListItem","position":3,"name":"Mexico","item":"https:\/\/ipaslac.org\/en\/where-we-work\/mexico\/"},{"@type":"ListItem","position":4,"name":"Legal abortion in the states","item":"https:\/\/ipaslac.org\/en\/where-we-work\/mexico\/legal-abortion-in-the-states\/"},{"@type":"ListItem","position":5,"name":"Legal Abortion &#8211; Chiapas","item":"https:\/\/ipaslac.org\/en\/where-we-work\/mexico\/legal-abortion-in-the-states\/legal-abortion-chiapas\/"},{"@type":"ListItem","position":6,"name":"References &#8211; Chiapas"}]},{"@type":"WebSite","@id":"https:\/\/ipaslac.org\/#website","url":"https:\/\/ipaslac.org\/","name":"Ipas Latinoam\u00e9rica y el Caribe (Ipas LAC)","description":"Health. Access. Rights.","publisher":{"@id":"https:\/\/ipaslac.org\/#organization"},"potentialAction":[{"@type":"SearchAction","target":{"@type":"EntryPoint","urlTemplate":"https:\/\/ipaslac.org\/?s={search_term_string}"},"query-input":{"@type":"PropertyValueSpecification","valueRequired":true,"valueName":"search_term_string"}}],"inLanguage":"en-US"},{"@type":"Organization","@id":"https:\/\/ipaslac.org\/#organization","name":"Ipas Bangladesh","url":"https:\/\/ipaslac.org\/","logo":{"@type":"ImageObject","inLanguage":"en-US","@id":"https:\/\/ipaslac.org\/#\/schema\/logo\/image\/","url":"","contentUrl":"","caption":"Ipas Bangladesh"},"image":{"@id":"https:\/\/ipaslac.org\/#\/schema\/logo\/image\/"},"sameAs":["https:\/\/www.facebook.com\/profile.php?id=100087376253565","https:\/\/www.linkedin.com\/company\/89710990\/admin\/feed\/posts\/","https:\/\/www.instagram.com\/ipas.bangladesh\/"]}]}},"_links":{"self":[{"href":"https:\/\/ipaslac.org\/en\/wp-json\/wp\/v2\/pages\/4566","targetHints":{"allow":["GET"]}}],"collection":[{"href":"https:\/\/ipaslac.org\/en\/wp-json\/wp\/v2\/pages"}],"about":[{"href":"https:\/\/ipaslac.org\/en\/wp-json\/wp\/v2\/types\/page"}],"author":[{"embeddable":true,"href":"https:\/\/ipaslac.org\/en\/wp-json\/wp\/v2\/users\/2"}],"replies":[{"embeddable":true,"href":"https:\/\/ipaslac.org\/en\/wp-json\/wp\/v2\/comments?post=4566"}],"version-history":[{"count":0,"href":"https:\/\/ipaslac.org\/en\/wp-json\/wp\/v2\/pages\/4566\/revisions"}],"up":[{"embeddable":true,"href":"https:\/\/ipaslac.org\/en\/wp-json\/wp\/v2\/pages\/4516"}],"wp:attachment":[{"href":"https:\/\/ipaslac.org\/en\/wp-json\/wp\/v2\/media?parent=4566"}],"curies":[{"name":"wp","href":"https:\/\/api.w.org\/{rel}","templated":true}]}}